{"id":461,"date":"2023-07-17T07:51:53","date_gmt":"2023-07-17T07:51:53","guid":{"rendered":"https:\/\/kindlys.nl\/interesse-als-shop\/"},"modified":"2023-12-15T14:54:25","modified_gmt":"2023-12-15T14:54:25","slug":"interesse-als-shop","status":"publish","type":"page","link":"https:\/\/kindlys.nl\/de\/interesse-als-shop\/","title":{"rendered":"Interesse als Shop?"},"content":{"rendered":"<p><div class=\"fusion-fullwidth fullwidth-box fusion-builder-row-1 fusion-flex-container has-pattern-background has-mask-background fusion-parallax-none nonhundred-percent-fullwidth non-hundred-percent-height-scrolling fusion-no-small-visibility\" style=\"--awb-background-position:center bottom;--awb-border-radius-top-left:0px;--awb-border-radius-top-right:0px;--awb-border-radius-bottom-right:0px;--awb-border-radius-bottom-left:0px;--awb-background-color:var(--awb-color5);--awb-background-image:url(&quot;https:\/\/kindlys.nl\/wp-content\/uploads\/2023\/12\/KINDLYS_58344v6.webp&quot;);--awb-background-size:cover;--awb-flex-wrap:wrap;\" ><div class=\"fusion-builder-row fusion-row fusion-flex-align-items-center fusion-flex-content-wrap\" style=\"max-width:1248px;margin-left: calc(-4% \/ 2 );margin-right: calc(-4% \/ 2 );\"><div class=\"fusion-layout-column fusion_builder_column fusion-builder-column-0 fusion_builder_column_1_3 1_3 fusion-flex-column\" style=\"--awb-bg-size:cover;--awb-width-large:33.333333333333%;--awb-margin-top-large:0px;--awb-spacing-right-large:5.76%;--awb-margin-bottom-large:20px;--awb-spacing-left-large:5.76%;--awb-width-medium:33.333333333333%;--awb-order-medium:0;--awb-spacing-right-medium:5.76%;--awb-spacing-left-medium:5.76%;--awb-width-small:100%;--awb-order-small:0;--awb-spacing-right-small:1.92%;--awb-spacing-left-small:1.92%;\" data-scroll-devices=\"small-visibility,medium-visibility,large-visibility\"><div class=\"fusion-column-wrapper fusion-column-has-shadow fusion-flex-justify-content-flex-start fusion-content-layout-column\"><div class=\"fusion-separator fusion-full-width-sep\" style=\"align-self: center;margin-left: auto;margin-right: auto;margin-top:155px;width:100%;\"><\/div><div class=\"fusion-image-element \" style=\"--awb-caption-title-font-family:var(--h2_typography-font-family);--awb-caption-title-font-weight:var(--h2_typography-font-weight);--awb-caption-title-font-style:var(--h2_typography-font-style);--awb-caption-title-size:var(--h2_typography-font-size);--awb-caption-title-transform:var(--h2_typography-text-transform);--awb-caption-title-line-height:var(--h2_typography-line-height);--awb-caption-title-letter-spacing:var(--h2_typography-letter-spacing);\"><span class=\" fusion-imageframe imageframe-none imageframe-1 hover-type-none\"><img decoding=\"async\" width=\"397\" height=\"150\" title=\"Sweet_Memories\" src=\"https:\/\/kindlys.nl\/wp-content\/uploads\/2023\/12\/Sweet_Memories.webp\" alt class=\"img-responsive wp-image-1427\" srcset=\"https:\/\/kindlys.nl\/wp-content\/uploads\/2023\/12\/Sweet_Memories-200x76.webp 200w, https:\/\/kindlys.nl\/wp-content\/uploads\/2023\/12\/Sweet_Memories.webp 397w\" sizes=\"(max-width: 640px) 100vw, 397px\" \/><\/span><\/div><div class=\"fusion-separator fusion-full-width-sep\" style=\"align-self: center;margin-left: auto;margin-right: auto;margin-top:125px;width:100%;\"><\/div><\/div><\/div><\/div><\/div>\n<div class=\"fusion-fullwidth fullwidth-box fusion-builder-row-2 fusion-flex-container has-pattern-background has-mask-background fusion-parallax-none nonhundred-percent-fullwidth non-hundred-percent-height-scrolling fusion-no-medium-visibility fusion-no-large-visibility\" style=\"--awb-background-position:right top;--awb-border-radius-top-left:0px;--awb-border-radius-top-right:0px;--awb-border-radius-bottom-right:0px;--awb-border-radius-bottom-left:0px;--awb-background-color:var(--awb-color5);--awb-background-image:url(&quot;https:\/\/kindlys.nl\/wp-content\/uploads\/2023\/12\/KINDLYS_57943v9.webp&quot;);--awb-background-size:contain;--awb-flex-wrap:wrap;\" ><div class=\"fusion-builder-row fusion-row fusion-flex-align-items-center fusion-flex-justify-content-center fusion-flex-content-wrap\" style=\"max-width:1248px;margin-left: calc(-4% \/ 2 );margin-right: calc(-4% \/ 2 );\"><div class=\"fusion-layout-column fusion_builder_column fusion-builder-column-1 fusion_builder_column_2_3 2_3 fusion-flex-column\" style=\"--awb-bg-size:cover;--awb-width-large:66.666666666667%;--awb-margin-top-large:0px;--awb-spacing-right-large:2.88%;--awb-margin-bottom-large:20px;--awb-spacing-left-large:2.88%;--awb-width-medium:66.666666666667%;--awb-order-medium:0;--awb-spacing-right-medium:2.88%;--awb-spacing-left-medium:2.88%;--awb-width-small:100%;--awb-order-small:0;--awb-spacing-right-small:1.92%;--awb-spacing-left-small:1.92%;\"><div class=\"fusion-column-wrapper fusion-column-has-shadow fusion-flex-justify-content-flex-start fusion-content-layout-column\"><div class=\"fusion-separator fusion-full-width-sep\" style=\"align-self: center;margin-left: auto;margin-right: auto;margin-top:185px;width:100%;\"><\/div><div class=\"fusion-image-element \" style=\"--awb-caption-title-font-family:var(--h2_typography-font-family);--awb-caption-title-font-weight:var(--h2_typography-font-weight);--awb-caption-title-font-style:var(--h2_typography-font-style);--awb-caption-title-size:var(--h2_typography-font-size);--awb-caption-title-transform:var(--h2_typography-text-transform);--awb-caption-title-line-height:var(--h2_typography-line-height);--awb-caption-title-letter-spacing:var(--h2_typography-letter-spacing);\"><span class=\" fusion-imageframe imageframe-none imageframe-2 hover-type-none\"><img decoding=\"async\" src=\"https:\/\/kindlys.nl\/wp-content\/uploads\/2023\/11\/zoete-herinneringen-v2.webp\" alt class=\"img-responsive\"\/><\/span><\/div><div class=\"fusion-separator fusion-full-width-sep\" style=\"align-self: center;margin-left: auto;margin-right: auto;margin-top:85px;width:100%;\"><\/div><\/div><\/div><\/div><\/div>\n<div class=\"fusion-fullwidth fullwidth-box fusion-builder-row-3 fusion-flex-container has-pattern-background has-mask-background nonhundred-percent-fullwidth non-hundred-percent-height-scrolling\" style=\"--awb-border-radius-top-left:0px;--awb-border-radius-top-right:0px;--awb-border-radius-bottom-right:0px;--awb-border-radius-bottom-left:0px;--awb-background-color:var(--awb-custom_color_5);--awb-flex-wrap:wrap;\" ><div class=\"fusion-builder-row fusion-row fusion-flex-align-items-center fusion-flex-justify-content-center fusion-flex-content-wrap\" style=\"max-width:1248px;margin-left: calc(-4% \/ 2 );margin-right: calc(-4% \/ 2 );\"><div class=\"fusion-layout-column fusion_builder_column fusion-builder-column-2 fusion_builder_column_1_5 1_5 fusion-flex-column fusion-flex-align-self-stretch fusion-no-small-visibility\" style=\"--awb-bg-size:cover;--awb-width-large:20%;--awb-margin-top-large:0px;--awb-spacing-right-large:9.6%;--awb-margin-bottom-large:20px;--awb-spacing-left-large:9.6%;--awb-width-medium:20%;--awb-order-medium:0;--awb-spacing-right-medium:9.6%;--awb-spacing-left-medium:9.6%;--awb-width-small:100%;--awb-order-small:0;--awb-spacing-right-small:1.92%;--awb-spacing-left-small:1.92%;\" data-scroll-devices=\"small-visibility,medium-visibility,large-visibility\"><div class=\"fusion-column-wrapper fusion-column-has-shadow fusion-flex-justify-content-flex-start fusion-content-layout-column\"><div class=\"fusion-separator fusion-full-width-sep\" style=\"align-self: center;margin-left: auto;margin-right: auto;margin-top:60px;width:100%;\"><\/div><div class=\"fusion-image-element \" style=\"--awb-caption-title-font-family:var(--h2_typography-font-family);--awb-caption-title-font-weight:var(--h2_typography-font-weight);--awb-caption-title-font-style:var(--h2_typography-font-style);--awb-caption-title-size:var(--h2_typography-font-size);--awb-caption-title-transform:var(--h2_typography-text-transform);--awb-caption-title-line-height:var(--h2_typography-line-height);--awb-caption-title-letter-spacing:var(--h2_typography-letter-spacing);\"><span class=\" fusion-imageframe imageframe-none imageframe-3 hover-type-none\"><img decoding=\"async\" width=\"204\" height=\"188\" title=\"greycloud-1\" src=\"https:\/\/kindlys.nl\/wp-content\/uploads\/2023\/11\/greycloud-1.webp\" alt class=\"img-responsive wp-image-950\" srcset=\"https:\/\/kindlys.nl\/wp-content\/uploads\/2023\/11\/greycloud-1-200x184.webp 200w, https:\/\/kindlys.nl\/wp-content\/uploads\/2023\/11\/greycloud-1.webp 204w\" sizes=\"(max-width: 640px) 100vw, 200px\" \/><\/span><\/div><div class=\"fusion-separator fusion-full-width-sep\" style=\"align-self: center;margin-left: auto;margin-right: auto;margin-top:60px;width:100%;\"><\/div><\/div><\/div><div class=\"fusion-layout-column fusion_builder_column fusion-builder-column-3 fusion_builder_column_3_5 3_5 fusion-flex-column\" style=\"--awb-bg-size:cover;--awb-width-large:60%;--awb-margin-top-large:0px;--awb-spacing-right-large:3.2%;--awb-margin-bottom-large:20px;--awb-spacing-left-large:3.2%;--awb-width-medium:60%;--awb-order-medium:0;--awb-spacing-right-medium:3.2%;--awb-spacing-left-medium:3.2%;--awb-width-small:100%;--awb-order-small:0;--awb-spacing-right-small:1.92%;--awb-spacing-left-small:1.92%;\"><div class=\"fusion-column-wrapper fusion-column-has-shadow fusion-flex-justify-content-flex-start fusion-content-layout-column\"><div class=\"fusion-separator fusion-full-width-sep\" style=\"align-self: center;margin-left: auto;margin-right: auto;margin-top:60px;width:100%;\"><\/div><div class=\"fusion-title title fusion-title-1 fusion-sep-none fusion-title-center fusion-title-text fusion-title-size-one\" style=\"--awb-margin-top-small:10px;--awb-margin-right-small:0px;--awb-margin-bottom-small:10px;--awb-margin-left-small:0px;\"><h1 class=\"fusion-title-heading title-heading-center fusion-responsive-typography-calculated\" style=\"margin:0;text-transform:none;--fontSize:40;--minFontSize:40;line-height:var(--awb-typography1-line-height);\">Interesse als Shop?<\/h1><\/div><div class=\"fusion-text fusion-text-1 tmc azwart\" style=\"--awb-content-alignment:justify;\"><p>M\u00f6chtest du Kindly&#8217;s auch in deinem Gesch\u00e4ft verkaufen? Das ist nat\u00fcrlich m\u00f6glich. Kontaktieren Sie <a href=\"https:\/\/webstore.van-vliet.com\/profile\/login\" target=\"_blank\" rel=\"noopener\"><strong>uns<\/strong><\/a> oder fragen Sie danach bei unserer deutschen Agentur.<\/p>\n<\/div><div style=\"text-align:center;\"><a class=\"fusion-button button-flat fusion-button-default-size button-custom fusion-button-default button-1 fusion-button-default-span fusion-button-default-type\" style=\"--button_accent_color:var(--awb-custom_color_4);--button_accent_hover_color:var(--awb-color8);--button_border_hover_color:var(--awb-color1);--button_gradient_top_color:var(--awb-color1);--button_gradient_bottom_color:var(--awb-color1);--button_gradient_top_color_hover:var(--awb-color1);--button_gradient_bottom_color_hover:var(--awb-color1);--button_text_transform:uppercase;\" target=\"_self\" href=\"https:\/\/kindlys.nl\/de\/kontakt\/\"><span class=\"fusion-button-text awb-button__text awb-button__text--default\">Kontaktieren Sie uns.<\/span><\/a><\/div><div class=\"fusion-separator fusion-full-width-sep\" style=\"align-self: center;margin-left: auto;margin-right: auto;margin-top:60px;width:100%;\"><\/div><\/div><\/div><div class=\"fusion-layout-column fusion_builder_column fusion-builder-column-4 fusion_builder_column_1_5 1_5 fusion-flex-column fusion-flex-align-self-stretch\" style=\"--awb-bg-size:cover;--awb-width-large:20%;--awb-margin-top-large:0px;--awb-spacing-right-large:9.6%;--awb-margin-bottom-large:20px;--awb-spacing-left-large:9.6%;--awb-width-medium:20%;--awb-order-medium:0;--awb-spacing-right-medium:9.6%;--awb-spacing-left-medium:9.6%;--awb-width-small:100%;--awb-order-small:0;--awb-spacing-right-small:1.92%;--awb-spacing-left-small:1.92%;\" data-scroll-devices=\"small-visibility,medium-visibility,large-visibility\"><div class=\"fusion-column-wrapper fusion-column-has-shadow fusion-flex-justify-content-flex-end fusion-content-layout-column\"><div class=\"fusion-separator fusion-no-small-visibility fusion-full-width-sep\" style=\"align-self: center;margin-left: auto;margin-right: auto;margin-top:60px;width:100%;\"><\/div><div class=\"fusion-image-element sm-text-align-center\" style=\"--awb-caption-title-font-family:var(--h2_typography-font-family);--awb-caption-title-font-weight:var(--h2_typography-font-weight);--awb-caption-title-font-style:var(--h2_typography-font-style);--awb-caption-title-size:var(--h2_typography-font-size);--awb-caption-title-transform:var(--h2_typography-text-transform);--awb-caption-title-line-height:var(--h2_typography-line-height);--awb-caption-title-letter-spacing:var(--h2_typography-letter-spacing);\"><span class=\" fusion-imageframe imageframe-none imageframe-4 hover-type-none\"><img decoding=\"async\" width=\"204\" height=\"188\" title=\"greycloud-2\" src=\"https:\/\/kindlys.nl\/wp-content\/uploads\/2023\/11\/greycloud-2.webp\" alt class=\"img-responsive wp-image-953\" srcset=\"https:\/\/kindlys.nl\/wp-content\/uploads\/2023\/11\/greycloud-2-200x184.webp 200w, https:\/\/kindlys.nl\/wp-content\/uploads\/2023\/11\/greycloud-2.webp 204w\" sizes=\"(max-width: 640px) 100vw, 200px\" \/><\/span><\/div><div class=\"fusion-separator fusion-full-width-sep\" style=\"align-self: center;margin-left: auto;margin-right: auto;margin-top:20px;width:100%;\"><\/div><\/div><\/div><\/div><\/div><\/p>\n","protected":false},"excerpt":{"rendered":"","protected":false},"author":1,"featured_media":0,"parent":0,"menu_order":0,"comment_status":"closed","ping_status":"closed","template":"100-width.php","meta":{"footnotes":""},"class_list":["post-461","page","type-page","status-publish","hentry"],"yoast_head":"<!-- This site is optimized with the Yoast SEO plugin v27.3 - https:\/\/yoast.com\/product\/yoast-seo-wordpress\/ -->\n<title>Interesse als Shop? - Kindlys<\/title>\n<meta name=\"description\" content=\"M\u00f6chtest du Kindly&#039;s auch in deinem Gesch\u00e4ft verkaufen? Das ist nat\u00fcrlich m\u00f6glich. imm Kontakt mit uns auf oder erkundige dich bei deinem Gro\u00dfh\u00e4ndler danach.\" \/>\n<meta name=\"robots\" content=\"index, follow, max-snippet:-1, max-image-preview:large, max-video-preview:-1\" \/>\n<link rel=\"canonical\" href=\"https:\/\/kindlys.nl\/de\/interesse-als-shop\/\" \/>\n<meta property=\"og:locale\" content=\"de_DE\" \/>\n<meta property=\"og:type\" content=\"article\" \/>\n<meta property=\"og:title\" content=\"Interesse als Shop? - Kindlys\" \/>\n<meta property=\"og:description\" content=\"M\u00f6chtest du Kindly&#039;s auch in deinem Gesch\u00e4ft verkaufen? Das ist nat\u00fcrlich m\u00f6glich. imm Kontakt mit uns auf oder erkundige dich bei deinem Gro\u00dfh\u00e4ndler danach.\" \/>\n<meta property=\"og:url\" content=\"https:\/\/kindlys.nl\/de\/interesse-als-shop\/\" \/>\n<meta property=\"og:site_name\" content=\"Kindlys\" \/>\n<meta property=\"article:modified_time\" content=\"2023-12-15T14:54:25+00:00\" \/>\n<meta name=\"twitter:card\" content=\"summary_large_image\" \/>\n<meta name=\"twitter:label1\" content=\"Gesch\u00e4tzte Lesezeit\" \/>\n\t<meta name=\"twitter:data1\" content=\"17\u00a0Minuten\" \/>\n<script type=\"application\/ld+json\" class=\"yoast-schema-graph\">{\"@context\":\"https:\\\/\\\/schema.org\",\"@graph\":[{\"@type\":\"WebPage\",\"@id\":\"https:\\\/\\\/kindlys.nl\\\/de\\\/interesse-als-shop\\\/\",\"url\":\"https:\\\/\\\/kindlys.nl\\\/de\\\/interesse-als-shop\\\/\",\"name\":\"Interesse als Shop? - Kindlys\",\"isPartOf\":{\"@id\":\"https:\\\/\\\/kindlys.nl\\\/#website\"},\"datePublished\":\"2023-07-17T07:51:53+00:00\",\"dateModified\":\"2023-12-15T14:54:25+00:00\",\"description\":\"M\u00f6chtest du Kindly's auch in deinem Gesch\u00e4ft verkaufen? Das ist nat\u00fcrlich m\u00f6glich. imm Kontakt mit uns auf oder erkundige dich bei deinem Gro\u00dfh\u00e4ndler danach.\",\"breadcrumb\":{\"@id\":\"https:\\\/\\\/kindlys.nl\\\/de\\\/interesse-als-shop\\\/#breadcrumb\"},\"inLanguage\":\"de\",\"potentialAction\":[{\"@type\":\"ReadAction\",\"target\":[\"https:\\\/\\\/kindlys.nl\\\/de\\\/interesse-als-shop\\\/\"]}]},{\"@type\":\"BreadcrumbList\",\"@id\":\"https:\\\/\\\/kindlys.nl\\\/de\\\/interesse-als-shop\\\/#breadcrumb\",\"itemListElement\":[{\"@type\":\"ListItem\",\"position\":1,\"name\":\"Home\",\"item\":\"https:\\\/\\\/kindlys.nl\\\/de\\\/\"},{\"@type\":\"ListItem\",\"position\":2,\"name\":\"Interesse als Shop?\"}]},{\"@type\":\"WebSite\",\"@id\":\"https:\\\/\\\/kindlys.nl\\\/#website\",\"url\":\"https:\\\/\\\/kindlys.nl\\\/\",\"name\":\"Kindlys\",\"description\":\"\",\"potentialAction\":[{\"@type\":\"SearchAction\",\"target\":{\"@type\":\"EntryPoint\",\"urlTemplate\":\"https:\\\/\\\/kindlys.nl\\\/?s={search_term_string}\"},\"query-input\":{\"@type\":\"PropertyValueSpecification\",\"valueRequired\":true,\"valueName\":\"search_term_string\"}}],\"inLanguage\":\"de\"}]}<\/script>\n<!-- \/ Yoast SEO plugin. -->","yoast_head_json":{"title":"Interesse als Shop? - Kindlys","description":"M\u00f6chtest du Kindly's auch in deinem Gesch\u00e4ft verkaufen? Das ist nat\u00fcrlich m\u00f6glich. imm Kontakt mit uns auf oder erkundige dich bei deinem Gro\u00dfh\u00e4ndler danach.","robots":{"index":"index","follow":"follow","max-snippet":"max-snippet:-1","max-image-preview":"max-image-preview:large","max-video-preview":"max-video-preview:-1"},"canonical":"https:\/\/kindlys.nl\/de\/interesse-als-shop\/","og_locale":"de_DE","og_type":"article","og_title":"Interesse als Shop? - Kindlys","og_description":"M\u00f6chtest du Kindly's auch in deinem Gesch\u00e4ft verkaufen? Das ist nat\u00fcrlich m\u00f6glich. imm Kontakt mit uns auf oder erkundige dich bei deinem Gro\u00dfh\u00e4ndler danach.","og_url":"https:\/\/kindlys.nl\/de\/interesse-als-shop\/","og_site_name":"Kindlys","article_modified_time":"2023-12-15T14:54:25+00:00","twitter_card":"summary_large_image","twitter_misc":{"Gesch\u00e4tzte Lesezeit":"17\u00a0Minuten"},"schema":{"@context":"https:\/\/schema.org","@graph":[{"@type":"WebPage","@id":"https:\/\/kindlys.nl\/de\/interesse-als-shop\/","url":"https:\/\/kindlys.nl\/de\/interesse-als-shop\/","name":"Interesse als Shop? - Kindlys","isPartOf":{"@id":"https:\/\/kindlys.nl\/#website"},"datePublished":"2023-07-17T07:51:53+00:00","dateModified":"2023-12-15T14:54:25+00:00","description":"M\u00f6chtest du Kindly's auch in deinem Gesch\u00e4ft verkaufen? Das ist nat\u00fcrlich m\u00f6glich. imm Kontakt mit uns auf oder erkundige dich bei deinem Gro\u00dfh\u00e4ndler danach.","breadcrumb":{"@id":"https:\/\/kindlys.nl\/de\/interesse-als-shop\/#breadcrumb"},"inLanguage":"de","potentialAction":[{"@type":"ReadAction","target":["https:\/\/kindlys.nl\/de\/interesse-als-shop\/"]}]},{"@type":"BreadcrumbList","@id":"https:\/\/kindlys.nl\/de\/interesse-als-shop\/#breadcrumb","itemListElement":[{"@type":"ListItem","position":1,"name":"Home","item":"https:\/\/kindlys.nl\/de\/"},{"@type":"ListItem","position":2,"name":"Interesse als Shop?"}]},{"@type":"WebSite","@id":"https:\/\/kindlys.nl\/#website","url":"https:\/\/kindlys.nl\/","name":"Kindlys","description":"","potentialAction":[{"@type":"SearchAction","target":{"@type":"EntryPoint","urlTemplate":"https:\/\/kindlys.nl\/?s={search_term_string}"},"query-input":{"@type":"PropertyValueSpecification","valueRequired":true,"valueName":"search_term_string"}}],"inLanguage":"de"}]}},"_links":{"self":[{"href":"https:\/\/kindlys.nl\/de\/wp-json\/wp\/v2\/pages\/461","targetHints":{"allow":["GET"]}}],"collection":[{"href":"https:\/\/kindlys.nl\/de\/wp-json\/wp\/v2\/pages"}],"about":[{"href":"https:\/\/kindlys.nl\/de\/wp-json\/wp\/v2\/types\/page"}],"author":[{"embeddable":true,"href":"https:\/\/kindlys.nl\/de\/wp-json\/wp\/v2\/users\/1"}],"replies":[{"embeddable":true,"href":"https:\/\/kindlys.nl\/de\/wp-json\/wp\/v2\/comments?post=461"}],"version-history":[{"count":14,"href":"https:\/\/kindlys.nl\/de\/wp-json\/wp\/v2\/pages\/461\/revisions"}],"predecessor-version":[{"id":1402,"href":"https:\/\/kindlys.nl\/de\/wp-json\/wp\/v2\/pages\/461\/revisions\/1402"}],"wp:attachment":[{"href":"https:\/\/kindlys.nl\/de\/wp-json\/wp\/v2\/media?parent=461"}],"curies":[{"name":"wp","href":"https:\/\/api.w.org\/{rel}","templated":true}]}}